{"id":16824,"date":"2023-03-28T09:47:50","date_gmt":"2023-03-28T07:47:50","guid":{"rendered":"https:\/\/www.bagexpress.eu\/account\/"},"modified":"2023-08-04T16:58:39","modified_gmt":"2023-08-04T14:58:39","slug":"account","status":"publish","type":"page","link":"https:\/\/www.bagexpress.eu\/fr\/account\/","title":{"rendered":"Account"},"content":{"rendered":"\t\t<div data-elementor-type=\"wp-page\" data-elementor-id=\"16824\" class=\"elementor elementor-16824 elementor-13185\" data-elementor-post-type=\"page\">\n\t\t\t\t\t\t<section class=\"elementor-section elementor-top-section elementor-element elementor-element-4e2a5ad elementor-section-height-min-height elementor-section-boxed elementor-section-height-default elementor-section-items-middle\" data-id=\"4e2a5ad\" data-element_type=\"section\" data-e-type=\"section\" data-settings=\"{&quot;background_background&quot;:&quot;classic&quot;}\">\n\t\t\t\t\t\t\t<div class=\"elementor-background-overlay\"><\/div>\n\t\t\t\t\t\t\t<div class=\"elementor-container elementor-column-gap-default\">\n\t\t\t\t\t<div class=\"elementor-column elementor-col-100 elementor-top-column elementor-element elementor-element-d9db690\" data-id=\"d9db690\" data-element_type=\"column\" data-e-type=\"column\">\n\t\t\t<div class=\"elementor-widget-wrap elementor-element-populated\">\n\t\t\t\t\t\t<div class=\"elementor-element elementor-element-1349b20 elementor-widget__width-auto elementor-widget elementor-widget-heading\" data-id=\"1349b20\" data-element_type=\"widget\" data-e-type=\"widget\" data-widget_type=\"heading.default\">\n\t\t\t\t<div class=\"elementor-widget-container\">\n\t\t\t\t\t<h2 class=\"elementor-heading-title elementor-size-default\">Bienvenue!\n<br>\n<label style=\"color:#fff;font-size:26px;font-style:italic\">Avec bagexpress, vous pouvez retrouver vos bagages \u00e0 destination et <br>les recevoir chez vous \u00e0 votre retour!<\/label><\/h2>\t\t\t\t<\/div>\n\t\t\t\t<\/div>\n\t\t\t\t\t<\/div>\n\t\t<\/div>\n\t\t\t\t\t<\/div>\n\t\t<\/section>\n\t\t\t\t<section class=\"elementor-section elementor-top-section elementor-element elementor-element-629a7c3 elementor-section-boxed elementor-section-height-default elementor-section-height-default\" data-id=\"629a7c3\" data-element_type=\"section\" data-e-type=\"section\">\n\t\t\t\t\t\t<div class=\"elementor-container elementor-column-gap-default\">\n\t\t\t\t\t<div class=\"elementor-column elementor-col-100 elementor-top-column elementor-element elementor-element-2667b44\" data-id=\"2667b44\" data-element_type=\"column\" data-e-type=\"column\">\n\t\t\t<div class=\"elementor-widget-wrap elementor-element-populated\">\n\t\t\t\t\t\t<div class=\"elementor-element elementor-element-d698ff5 elementor-widget elementor-widget-spacer\" data-id=\"d698ff5\" data-element_type=\"widget\" data-e-type=\"widget\" data-widget_type=\"spacer.default\">\n\t\t\t\t<div class=\"elementor-widget-container\">\n\t\t\t\t\t\t\t<div class=\"elementor-spacer\">\n\t\t\t<div class=\"elementor-spacer-inner\"><\/div>\n\t\t<\/div>\n\t\t\t\t\t\t<\/div>\n\t\t\t\t<\/div>\n\t\t\t\t<div class=\"elementor-element elementor-element-2321329 elementor-widget elementor-widget-shortcode\" data-id=\"2321329\" data-element_type=\"widget\" data-e-type=\"widget\" data-widget_type=\"shortcode.default\">\n\t\t\t\t<div class=\"elementor-widget-container\">\n\t\t\t\t\t\r\n<head>\r\n\t<link rel=\"stylesheet\" href=\"https:\/\/www.bagexpress.eu\/wp-content\/plugins\/bex-plugin\/assets\/css\/createLoginAccount.css\">\r\n<\/head>\r\n\r\n<body>\r\n\t<div class=\"container_create_login_account\">\r\n\t\t<div class=\"loading-overlay\">\r\n\t\t\t<div class=\"loading-spinner\"><\/div>\r\n\t\t<\/div>\r\n\t\t<div class=\"create_account\">\r\n\t\t\t<h3 class=\"new_bagexpress\">Je suis nouveau sur bagexpress<\/h3>\r\n\t\t\t<p>\r\n\t\t\t\tCr\u00e9ez un compte gratuit pour g\u00e9rer vos donn\u00e9es et vos envois, suivre les bagages et recevoir un support en ligne\t\t\t<\/p>\r\n\t\t\t<button type=\"button\" id=\"btn_create\">Se connecter<\/button>\r\n\t\t<\/div>\r\n\t\t<div class=\"login_account\">\r\n\t\t\t<form id=\"login_area_personale\" action=\"https:\/\/www.bagexpress.eu\/fr\/espace-personnel\/\" method=\"POST\">\r\n\t\t\t\t<input type=\"hidden\" name=\"idLoginAreaPersonale\" class=\"idLoginAreaPersonale\" value=\"\">\r\n\t\t\t\t<h3 class=\"account_bagexpress\">J'ai d\u00e9j\u00e0 un compte bagexpress<\/h3>\r\n\t\t\t\t<input type=\"email\" name=\"mail_login\" id=\"mail_login\" placeholder=\"Email\">\r\n\t\t\t\t<input type=\"password\" name=\"mail_password\" id=\"mail_password\" placeholder=\"Mot de passe\">\r\n\t\t\t\t<a href=\"https:\/\/www.bagexpress.eu\/fr\/mot-de-passe-oublie\/\" class=\"forgot_pass\">Avez-vous oubli\u00e9 votre mot de passe?<\/a>\r\n\t\t\t\t<input type=\"button\" id=\"btn_login\" value=\"Login\">\r\n\t\t\t<\/form>\r\n\t\t<\/div>\r\n\t<\/div>\r\n\r\n<\/body>\t\t<div class=\"elementor-shortcode\"><\/div>\n\t\t\t\t\t\t<\/div>\n\t\t\t\t<\/div>\n\t\t\t\t<div class=\"elementor-element elementor-element-8bf8bad elementor-widget elementor-widget-spacer\" data-id=\"8bf8bad\" data-element_type=\"widget\" data-e-type=\"widget\" data-widget_type=\"spacer.default\">\n\t\t\t\t<div class=\"elementor-widget-container\">\n\t\t\t\t\t\t\t<div class=\"elementor-spacer\">\n\t\t\t<div class=\"elementor-spacer-inner\"><\/div>\n\t\t<\/div>\n\t\t\t\t\t\t<\/div>\n\t\t\t\t<\/div>\n\t\t\t\t\t<\/div>\n\t\t<\/div>\n\t\t\t\t\t<\/div>\n\t\t<\/section>\n\t\t\t\t<\/div>\n\t\t","protected":false},"excerpt":{"rendered":"<p>Bienvenue! Avec bagexpress, vous pouvez retrouver vos bagages \u00e0 destination et les recevoir chez vous \u00e0 votre retour!<\/p>\n","protected":false},"author":14,"featured_media":0,"parent":0,"menu_order":0,"comment_status":"closed","ping_status":"closed","template":"","meta":{"site-sidebar-layout":"no-sidebar","site-content-layout":"page-builder","ast-site-content-layout":"default","site-content-style":"default","site-sidebar-style":"default","ast-global-header-display":"","ast-banner-title-visibility":"","ast-main-header-display":"","ast-hfb-above-header-display":"","ast-hfb-below-header-display":"","ast-hfb-mobile-header-display":"","site-post-title":"disabled","ast-breadcrumbs-content":"","ast-featured-img":"disabled","footer-sml-layout":"","ast-disable-related-posts":"","theme-transparent-header-meta":"","adv-header-id-meta":"","stick-header-meta":"","header-above-stick-meta":"","header-main-stick-meta":"","header-below-stick-meta":"","astra-migrate-meta-layouts":"default","ast-page-background-enabled":"default","ast-page-background-meta":{"desktop":{"background-color":"","background-image":"","background-repeat":"repeat","background-position":"center center","background-size":"auto","background-attachment":"scroll","background-type":"","background-media":"","overlay-type":"","overlay-color":"","overlay-opacity":"","overlay-gradient":""},"tablet":{"background-color":"","background-image":"","background-repeat":"repeat","background-position":"center center","background-size":"auto","background-attachment":"scroll","background-type":"","background-media":"","overlay-type":"","overlay-color":"","overlay-opacity":"","overlay-gradient":""},"mobile":{"background-color":"","background-image":"","background-repeat":"repeat","background-position":"center center","background-size":"auto","background-attachment":"scroll","background-type":"","background-media":"","overlay-type":"","overlay-color":"","overlay-opacity":"","overlay-gradient":""}},"ast-content-background-meta":{"desktop":{"background-color":"var(--ast-global-color-5)","background-image":"","background-repeat":"repeat","background-position":"center center","background-size":"auto","background-attachment":"scroll","background-type":"","background-media":"","overlay-type":"","overlay-color":"","overlay-opacity":"","overlay-gradient":""},"tablet":{"background-color":"var(--ast-global-color-5)","background-image":"","background-repeat":"repeat","background-position":"center center","background-size":"auto","background-attachment":"scroll","background-type":"","background-media":"","overlay-type":"","overlay-color":"","overlay-opacity":"","overlay-gradient":""},"mobile":{"background-color":"var(--ast-global-color-5)","background-image":"","background-repeat":"repeat","background-position":"center center","background-size":"auto","background-attachment":"scroll","background-type":"","background-media":"","overlay-type":"","overlay-color":"","overlay-opacity":"","overlay-gradient":""}},"footnotes":""},"class_list":["post-16824","page","type-page","status-publish","hentry"],"yoast_head":"<!-- This site is optimized with the Yoast SEO plugin v27.4 - https:\/\/yoast.com\/product\/yoast-seo-wordpress\/ -->\n<title>Account - BagExpress<\/title>\n<meta name=\"robots\" content=\"index, follow, max-snippet:-1, max-image-preview:large, max-video-preview:-1\" \/>\n<link rel=\"canonical\" href=\"https:\/\/www.bagexpress.eu\/fr\/account\/\" \/>\n<meta property=\"og:locale\" content=\"fr_FR\" \/>\n<meta property=\"og:type\" content=\"article\" \/>\n<meta property=\"og:title\" content=\"Account - BagExpress\" \/>\n<meta property=\"og:description\" content=\"Bienvenue! Avec bagexpress, vous pouvez retrouver vos bagages \u00e0 destination et les recevoir chez vous \u00e0 votre retour!\" \/>\n<meta property=\"og:url\" content=\"https:\/\/www.bagexpress.eu\/fr\/account\/\" \/>\n<meta property=\"og:site_name\" content=\"BagExpress\" \/>\n<meta property=\"article:modified_time\" content=\"2023-08-04T14:58:39+00:00\" \/>\n<meta name=\"twitter:card\" content=\"summary_large_image\" \/>\n<script type=\"application\/ld+json\" class=\"yoast-schema-graph\">{\"@context\":\"https:\\\/\\\/schema.org\",\"@graph\":[{\"@type\":\"WebPage\",\"@id\":\"https:\\\/\\\/www.bagexpress.eu\\\/fr\\\/account\\\/\",\"url\":\"https:\\\/\\\/www.bagexpress.eu\\\/fr\\\/account\\\/\",\"name\":\"Account - BagExpress\",\"isPartOf\":{\"@id\":\"https:\\\/\\\/www.bagexpress.eu\\\/fr\\\/#website\"},\"datePublished\":\"2023-03-28T07:47:50+00:00\",\"dateModified\":\"2023-08-04T14:58:39+00:00\",\"breadcrumb\":{\"@id\":\"https:\\\/\\\/www.bagexpress.eu\\\/fr\\\/account\\\/#breadcrumb\"},\"inLanguage\":\"fr-FR\",\"potentialAction\":[{\"@type\":\"ReadAction\",\"target\":[\"https:\\\/\\\/www.bagexpress.eu\\\/fr\\\/account\\\/\"]}]},{\"@type\":\"BreadcrumbList\",\"@id\":\"https:\\\/\\\/www.bagexpress.eu\\\/fr\\\/account\\\/#breadcrumb\",\"itemListElement\":[{\"@type\":\"ListItem\",\"position\":1,\"name\":\"Home\",\"item\":\"https:\\\/\\\/www.bagexpress.eu\\\/fr\\\/\"},{\"@type\":\"ListItem\",\"position\":2,\"name\":\"Account\"}]},{\"@type\":\"WebSite\",\"@id\":\"https:\\\/\\\/www.bagexpress.eu\\\/fr\\\/#website\",\"url\":\"https:\\\/\\\/www.bagexpress.eu\\\/fr\\\/\",\"name\":\"BagExpress\",\"description\":\"Envoyer bagages en Italie et en Europe\",\"publisher\":{\"@id\":\"https:\\\/\\\/www.bagexpress.eu\\\/fr\\\/#organization\"},\"potentialAction\":[{\"@type\":\"SearchAction\",\"target\":{\"@type\":\"EntryPoint\",\"urlTemplate\":\"https:\\\/\\\/www.bagexpress.eu\\\/fr\\\/?s={search_term_string}\"},\"query-input\":{\"@type\":\"PropertyValueSpecification\",\"valueRequired\":true,\"valueName\":\"search_term_string\"}}],\"inLanguage\":\"fr-FR\"},{\"@type\":\"Organization\",\"@id\":\"https:\\\/\\\/www.bagexpress.eu\\\/fr\\\/#organization\",\"name\":\"BagExpress\",\"url\":\"https:\\\/\\\/www.bagexpress.eu\\\/fr\\\/\",\"logo\":{\"@type\":\"ImageObject\",\"inLanguage\":\"fr-FR\",\"@id\":\"https:\\\/\\\/www.bagexpress.eu\\\/fr\\\/#\\\/schema\\\/logo\\\/image\\\/\",\"url\":\"https:\\\/\\\/www.bagexpress.eu\\\/wp-content\\\/uploads\\\/2022\\\/12\\\/Bagexpress_logo.svg\",\"contentUrl\":\"https:\\\/\\\/www.bagexpress.eu\\\/wp-content\\\/uploads\\\/2022\\\/12\\\/Bagexpress_logo.svg\",\"caption\":\"BagExpress\"},\"image\":{\"@id\":\"https:\\\/\\\/www.bagexpress.eu\\\/fr\\\/#\\\/schema\\\/logo\\\/image\\\/\"}}]}<\/script>\n<!-- \/ Yoast SEO plugin. -->","yoast_head_json":{"title":"Account - BagExpress","robots":{"index":"index","follow":"follow","max-snippet":"max-snippet:-1","max-image-preview":"max-image-preview:large","max-video-preview":"max-video-preview:-1"},"canonical":"https:\/\/www.bagexpress.eu\/fr\/account\/","og_locale":"fr_FR","og_type":"article","og_title":"Account - BagExpress","og_description":"Bienvenue! Avec bagexpress, vous pouvez retrouver vos bagages \u00e0 destination et les recevoir chez vous \u00e0 votre retour!","og_url":"https:\/\/www.bagexpress.eu\/fr\/account\/","og_site_name":"BagExpress","article_modified_time":"2023-08-04T14:58:39+00:00","twitter_card":"summary_large_image","schema":{"@context":"https:\/\/schema.org","@graph":[{"@type":"WebPage","@id":"https:\/\/www.bagexpress.eu\/fr\/account\/","url":"https:\/\/www.bagexpress.eu\/fr\/account\/","name":"Account - BagExpress","isPartOf":{"@id":"https:\/\/www.bagexpress.eu\/fr\/#website"},"datePublished":"2023-03-28T07:47:50+00:00","dateModified":"2023-08-04T14:58:39+00:00","breadcrumb":{"@id":"https:\/\/www.bagexpress.eu\/fr\/account\/#breadcrumb"},"inLanguage":"fr-FR","potentialAction":[{"@type":"ReadAction","target":["https:\/\/www.bagexpress.eu\/fr\/account\/"]}]},{"@type":"BreadcrumbList","@id":"https:\/\/www.bagexpress.eu\/fr\/account\/#breadcrumb","itemListElement":[{"@type":"ListItem","position":1,"name":"Home","item":"https:\/\/www.bagexpress.eu\/fr\/"},{"@type":"ListItem","position":2,"name":"Account"}]},{"@type":"WebSite","@id":"https:\/\/www.bagexpress.eu\/fr\/#website","url":"https:\/\/www.bagexpress.eu\/fr\/","name":"BagExpress","description":"Envoyer bagages en Italie et en Europe","publisher":{"@id":"https:\/\/www.bagexpress.eu\/fr\/#organization"},"potentialAction":[{"@type":"SearchAction","target":{"@type":"EntryPoint","urlTemplate":"https:\/\/www.bagexpress.eu\/fr\/?s={search_term_string}"},"query-input":{"@type":"PropertyValueSpecification","valueRequired":true,"valueName":"search_term_string"}}],"inLanguage":"fr-FR"},{"@type":"Organization","@id":"https:\/\/www.bagexpress.eu\/fr\/#organization","name":"BagExpress","url":"https:\/\/www.bagexpress.eu\/fr\/","logo":{"@type":"ImageObject","inLanguage":"fr-FR","@id":"https:\/\/www.bagexpress.eu\/fr\/#\/schema\/logo\/image\/","url":"https:\/\/www.bagexpress.eu\/wp-content\/uploads\/2022\/12\/Bagexpress_logo.svg","contentUrl":"https:\/\/www.bagexpress.eu\/wp-content\/uploads\/2022\/12\/Bagexpress_logo.svg","caption":"BagExpress"},"image":{"@id":"https:\/\/www.bagexpress.eu\/fr\/#\/schema\/logo\/image\/"}}]}},"_links":{"self":[{"href":"https:\/\/www.bagexpress.eu\/fr\/wp-json\/wp\/v2\/pages\/16824","targetHints":{"allow":["GET"]}}],"collection":[{"href":"https:\/\/www.bagexpress.eu\/fr\/wp-json\/wp\/v2\/pages"}],"about":[{"href":"https:\/\/www.bagexpress.eu\/fr\/wp-json\/wp\/v2\/types\/page"}],"author":[{"embeddable":true,"href":"https:\/\/www.bagexpress.eu\/fr\/wp-json\/wp\/v2\/users\/14"}],"replies":[{"embeddable":true,"href":"https:\/\/www.bagexpress.eu\/fr\/wp-json\/wp\/v2\/comments?post=16824"}],"version-history":[{"count":1,"href":"https:\/\/www.bagexpress.eu\/fr\/wp-json\/wp\/v2\/pages\/16824\/revisions"}],"predecessor-version":[{"id":16825,"href":"https:\/\/www.bagexpress.eu\/fr\/wp-json\/wp\/v2\/pages\/16824\/revisions\/16825"}],"wp:attachment":[{"href":"https:\/\/www.bagexpress.eu\/fr\/wp-json\/wp\/v2\/media?parent=16824"}],"curies":[{"name":"wp","href":"https:\/\/api.w.org\/{rel}","templated":true}]}}